{"id":1671,"date":"2022-09-02T14:49:23","date_gmt":"2022-09-02T14:49:23","guid":{"rendered":"http:\/\/damel.pt\/?page_id=1671"},"modified":"2022-09-02T14:50:33","modified_gmt":"2022-09-02T14:50:33","slug":"exchanges-and-returns","status":"publish","type":"page","link":"https:\/\/damel.pt\/en\/exchanges-and-returns\/","title":{"rendered":"Exchanges and Returns"},"content":{"rendered":"<div data-elementor-type=\"wp-page\" data-elementor-id=\"1671\" class=\"elementor elementor-1671\" data-elementor-post-type=\"page\">\n\t\t\t\t\t\t<section class=\"elementor-section elementor-top-section elementor-element elementor-element-632137f1 elementor-section-height-min-height elementor-section-boxed elementor-section-height-default elementor-section-items-middle\" data-id=\"632137f1\" data-element_type=\"section\" data-e-type=\"section\" data-settings=\"{&quot;background_background&quot;:&quot;classic&quot;}\">\n\t\t\t\t\t\t\t<div class=\"elementor-background-overlay\"><\/div>\n\t\t\t\t\t\t\t<div class=\"elementor-container elementor-column-gap-default\">\n\t\t\t\t\t<div class=\"elementor-column elementor-col-100 elementor-top-column elementor-element elementor-element-36ccae29\" data-id=\"36ccae29\" data-element_type=\"column\" data-e-type=\"column\">\n\t\t\t<div class=\"elementor-widget-wrap elementor-element-populated\">\n\t\t\t\t\t\t<div class=\"elementor-element elementor-element-7cd0401f elementor-widget elementor-widget-spacer\" data-id=\"7cd0401f\" data-element_type=\"widget\" data-e-type=\"widget\" data-widget_type=\"spacer.default\">\n\t\t\t\t<div class=\"elementor-widget-container\">\n\t\t\t\t\t\t\t<div class=\"elementor-spacer\">\n\t\t\t<div class=\"elementor-spacer-inner\"><\/div>\n\t\t<\/div>\n\t\t\t\t\t\t<\/div>\n\t\t\t\t<\/div>\n\t\t\t\t<div class=\"elementor-element elementor-element-76acb310 elementor-widget elementor-widget-heading\" data-id=\"76acb310\" data-element_type=\"widget\" data-e-type=\"widget\" data-widget_type=\"heading.default\">\n\t\t\t\t<div class=\"elementor-widget-container\">\n\t\t\t\t\t<h2 class=\"elementor-heading-title elementor-size-default\">Exchanges and Returns<\/h2>\t\t\t\t<\/div>\n\t\t\t\t<\/div>\n\t\t\t\t<div class=\"elementor-element elementor-element-358fa04e elementor-widget elementor-widget-woocommerce-breadcrumb\" data-id=\"358fa04e\" data-element_type=\"widget\" data-e-type=\"widget\" data-widget_type=\"woocommerce-breadcrumb.default\">\n\t\t\t\t<div class=\"elementor-widget-container\">\n\t\t\t\t\t<nav class=\"woocommerce-breadcrumb\" aria-label=\"Breadcrumb\" data-no-translation=\"\" data-trp-gettext=\"\">Home<\/nav>\t\t\t\t<\/div>\n\t\t\t\t<\/div>\n\t\t\t\t\t<\/div>\n\t\t<\/div>\n\t\t\t\t\t<\/div>\n\t\t<\/section>\n\t\t\t\t<section class=\"elementor-section elementor-top-section elementor-element elementor-element-4afd9b6d elementor-section-boxed elementor-section-height-default elementor-section-height-default\" data-id=\"4afd9b6d\" data-element_type=\"section\" data-e-type=\"section\">\n\t\t\t\t\t\t<div class=\"elementor-container elementor-column-gap-default\">\n\t\t\t\t\t<div class=\"elementor-column elementor-col-100 elementor-top-column elementor-element elementor-element-495680b\" data-id=\"495680b\" data-element_type=\"column\" data-e-type=\"column\">\n\t\t\t<div class=\"elementor-widget-wrap elementor-element-populated\">\n\t\t\t\t\t\t<div class=\"elementor-element elementor-element-79ffda5 elementor-widget elementor-widget-text-editor\" data-id=\"79ffda5\" data-element_type=\"widget\" data-e-type=\"widget\" data-widget_type=\"text-editor.default\">\n\t\t\t\t<div class=\"elementor-widget-container\">\n\t\t\t\t\t\t\t\t\t<p>After reception of the order, the customer has a period of 8 days to return or Exchange your item, after the date of reception.<\/p><p>Prior to Exchange or return, verify that:<\/p><p>a. the article may not have been used, washed, or damaged;<\/p><p>b. the item must be in its original packaging;<\/p><p>c. the article is complete, with all items that go with them;<\/p><p>d. if does not exceed the period of 8 days from the date of reception.<\/p><p>The above conditions must be respected for Damel can assess the repayment of the article.<\/p><p>After analysis of the article please contact us to inform your Exchange request.<\/p><p>E-mail: info@damel.pt<\/p><p>Phone: +351 252 298 450<\/p><p>Then pack the item(s) to be returned with the copy(s) of the note(s) of order and\/or invoice of your request to the address:<\/p><p>DAMEL \u2013 Confe\u00e7\u00e3o de Vestu\u00e1rio Lda.<\/p><p>Rua Manuel Dias, n\u00ba 676 Amorim<\/p><p>4495-129 P\u00f3voa de Varzim, Portugal<\/p><p>We ask that on the reverse side of the invoice write, his own hand, the reason for the exchange of articles.<\/p><p>The return postage and shipping new products shall be borne by the client.<\/p><p>The refund is made after checking the State article, as our policy of exchanges and Returns. Will wait for an e-mail from Damel confirming the Exchange or refund.<\/p><p>To consider the following:<\/p><p>Return of 100% of the items purchased: Damel reimburses the full value of the order. It\u2019s not external values such as reimbursement: transportation services, customs, etc.<\/p><p>Partial return of items purchased: Damel reimburses the value of the item returned.<\/p><p>Refund in case of manufacturing defect: Damel checks whether the situation fits in warranty and in case of acceptance returns the entire amount paid (article + value value of sending).<\/p><p>Once received the order returned, Damel shall examine and confirm its state of conservation and, once approved, you will receive back the amount corresponding to the article returned.<\/p><p>If the items returned damaged or worn, Damel, reserves the right not to accept the Exchange\/return and to refuse reimbursement of the same.<\/p><p>Quaisquer taxas e impostos que tenham sido pagos quer por envio, quer com a devolu\u00e7\u00e3o da encomenda n\u00e3o ser\u00e3o reembolsados.<\/p><p>Any fees and taxes which have been paid either by sending or returning your order will not be refunded.<\/p>\t\t\t\t\t\t\t\t<\/div>\n\t\t\t\t<\/div>\n\t\t\t\t\t<\/div>\n\t\t<\/div>\n\t\t\t\t\t<\/div>\n\t\t<\/section>\n\t\t\t\t<\/div>","protected":false},"excerpt":{"rendered":"<p>After reception of the order, the customer has a period of 8 days to return or Exchange your item, after the date of reception. Prior to Exchange or return, verify that: a. the article may not have been used, washed, or damaged; b. the item must be in its original packaging; c. the article is [&hellip;]<\/p>\n","protected":false},"author":1,"featured_media":0,"parent":0,"menu_order":0,"comment_status":"closed","ping_status":"open","template":"elementor_header_footer","meta":{"footnotes":""},"class_list":["post-1671","page","type-page","status-publish","hentry"],"_links":{"self":[{"href":"https:\/\/damel.pt\/en\/wp-json\/wp\/v2\/pages\/1671","targetHints":{"allow":["GET"]}}],"collection":[{"href":"https:\/\/damel.pt\/en\/wp-json\/wp\/v2\/pages"}],"about":[{"href":"https:\/\/damel.pt\/en\/wp-json\/wp\/v2\/types\/page"}],"author":[{"embeddable":true,"href":"https:\/\/damel.pt\/en\/wp-json\/wp\/v2\/users\/1"}],"replies":[{"embeddable":true,"href":"https:\/\/damel.pt\/en\/wp-json\/wp\/v2\/comments?post=1671"}],"version-history":[{"count":4,"href":"https:\/\/damel.pt\/en\/wp-json\/wp\/v2\/pages\/1671\/revisions"}],"predecessor-version":[{"id":1675,"href":"https:\/\/damel.pt\/en\/wp-json\/wp\/v2\/pages\/1671\/revisions\/1675"}],"wp:attachment":[{"href":"https:\/\/damel.pt\/en\/wp-json\/wp\/v2\/media?parent=1671"}],"curies":[{"name":"wp","href":"https:\/\/api.w.org\/{rel}","templated":true}]}}